{"id":178,"date":"2014-12-25T06:27:01","date_gmt":"2014-12-25T06:27:01","guid":{"rendered":"http:\/\/demo.wpcharming.com\/chicago\/?page_id=178"},"modified":"2025-07-10T17:33:02","modified_gmt":"2025-07-10T17:33:02","slug":"inicio","status":"publish","type":"page","link":"https:\/\/bodegaslavenencia.com\/en\/","title":{"rendered":"Home"},"content":{"rendered":"<p>[vc_row margin_top=&#8221;-60&#8243; padding_top=&#8221;0&#8243; padding_bottom=&#8221;0&#8243;][vc_column][rev_slider_vc alias=&#8221;home1&#8243;][\/vc_column][\/vc_row][vc_row row_id=&#8221;welcome&#8221;][vc_column width=&#8221;1\/3&#8243;][vc_single_image image=&#8221;1334&#8243; img_size=&#8221;500&#215;300&#8243; css=&#8221;.vc_custom_1479721272587{margin-bottom: 15px !important;}&#8221;][vc_column_text]<em class=\"primary-color\">Discover our delicious menu<br \/>\n<\/em><\/p>\n<h2><strong>OUR MENU<br \/>\n<\/strong><\/h2>\n<p>Our specialty is Iberian sausages and hams.<\/p>\n<p>We select the best ham for you to enjoy as a starter, as a main course, combined with other Iberian products&#8230;[\/vc_column_text][vc_button title=&#8221;See menu&#8221; link=&#8221;page&#8221; link_page=&#8221;1067&#8243; margin_top=&#8221;-30&#8243;][\/vc_column][vc_column width=&#8221;1\/3&#8243;][vc_single_image image=&#8221;1336&#8243; img_size=&#8221;500&#215;300&#8243; css=&#8221;.vc_custom_1479721429795{margin-bottom: 15px !important;}&#8221;][vc_column_text]<em class=\"primary-color\">Our history<br \/>\n<\/em><\/p>\n<h2><strong>ABOUT US<br \/>\n<\/strong><\/h2>\n<p>Jos\u00e9 Gonz\u00e1lez, known by everyone as Pepe, started this business in a small pub in San Pedro de Alc\u00e1ntara, back in 1985.<\/p>\n<p>It was a small Jerez styled bar&#8230;[\/vc_column_text][vc_button title=&#8221;About us&#8221; link=&#8221;page&#8221; link_page=&#8221;430&#8243; margin_top=&#8221;-30&#8243;][\/vc_column][vc_column width=&#8221;1\/3&#8243;][vc_single_image image=&#8221;1782&#8243; img_size=&#8221;500&#215;300&#8243; css=&#8221;.vc_custom_1481636023464{margin-bottom: 15px !important;}&#8221;][vc_column_text]<em class=\"primary-color\">One of the best restaurants in Marbella<br \/>\n<\/em><\/p>\n<h2><strong>RESTAURANTS<br \/>\n<\/strong><\/h2>\n<p>We have two restaurants in Marbella and our menu is very varied so you can choose what you want.[\/vc_column_text][vc_button title=&#8221;Restaurants&#8221; href=&#8221;http:\/\/bodegaslavenencia.com\/pruebas\/en\/contacto\/&#8221;][\/vc_column][\/vc_row][vc_row bg_image=&#8221;1377&#8243; bg_position=&#8221;center bottom&#8221; padding_top=&#8221;150&#8243; padding_bottom=&#8221;150&#8243;][vc_column]\n\t<div class=\"wpc-special-heading-wrap wpb_content_element\" style=\"text-align: center\">\n\t\t<span class=\"special-heading-1\" style=\"color: #ffffff;\">Make a reservation<\/span>\n\t\t<span class=\"special-heading-2\" style=\"margin-top: 20px;margin-bottom: 20px;color: #ffffff;\"><\/span>\n\t<\/div>[vc_btn title=&#8221;Select restaurant&#8221; style=&#8221;outline&#8221; color=&#8221;orange&#8221; align=&#8221;center&#8221; link=&#8221;url:http%3A%2F%2Fbodegaslavenencia.com%2Fpruebas%2Fcontacto%2F||&#8221;][\/vc_column][\/vc_row][vc_row row_id=&#8221;events&#8221; padding_bottom=&#8221;70&#8243;][vc_column][vc_custom_heading text=&#8221;LATEST POTS&#8221;][vc_basic_grid post_type=&#8221;post&#8221; max_items=&#8221;3&#8243; gap=&#8221;35&#8243; grid_id=&#8221;vc_gid:1481885724869-aaf8ede8-f983-6&#8243;][\/vc_column][\/vc_row]<\/p>","protected":false},"excerpt":{"rendered":"<p>[vc_row margin_top=&#8221;-60&#8243; padding_top=&#8221;0&#8243; padding_bottom=&#8221;0&#8243;][vc_column][rev_slider_vc alias=&#8221;home1&#8243;][\/vc_column][\/vc_row][vc_row row_id=&#8221;welcome&#8221;][vc_column width=&#8221;1\/3&#8243;][vc_single_image image=&#8221;1334&#8243; img_size=&#8221;500&#215;300&#8243; css=&#8221;.vc_custom_1479721272587{margin-bottom: 15px !important;}&#8221;][vc_column_text]Discover our delicious menu OUR MENU Our specialty is Iberian sausages and hams. We select the best ham for you to enjoy as a starter, as a main course, combined with other Iberian products&#8230;[\/vc_column_text][vc_button title=&#8221;See menu&#8221; link=&#8221;page&#8221; link_page=&#8221;1067&#8243; margin_top=&#8221;-30&#8243;][\/vc_column][vc_column width=&#8221;1\/3&#8243;][vc_single_image image=&#8221;1336&#8243; img_size=&#8221;500&#215;300&#8243; css=&#8221;.vc_custom_1479721429795{margin-bottom: 15px [&hellip;]<\/p>\n","protected":false},"author":1,"featured_media":0,"parent":0,"menu_order":0,"comment_status":"closed","ping_status":"closed","template":"","meta":[],"_links":{"self":[{"href":"https:\/\/bodegaslavenencia.com\/en\/wp-json\/wp\/v2\/pages\/178"}],"collection":[{"href":"https:\/\/bodegaslavenencia.com\/en\/wp-json\/wp\/v2\/pages"}],"about":[{"href":"https:\/\/bodegaslavenencia.com\/en\/wp-json\/wp\/v2\/types\/page"}],"author":[{"embeddable":true,"href":"https:\/\/bodegaslavenencia.com\/en\/wp-json\/wp\/v2\/users\/1"}],"replies":[{"embeddable":true,"href":"https:\/\/bodegaslavenencia.com\/en\/wp-json\/wp\/v2\/comments?post=178"}],"version-history":[{"count":89,"href":"https:\/\/bodegaslavenencia.com\/en\/wp-json\/wp\/v2\/pages\/178\/revisions"}],"predecessor-version":[{"id":2156,"href":"https:\/\/bodegaslavenencia.com\/en\/wp-json\/wp\/v2\/pages\/178\/revisions\/2156"}],"wp:attachment":[{"href":"https:\/\/bodegaslavenencia.com\/en\/wp-json\/wp\/v2\/media?parent=178"}],"curies":[{"name":"wp","href":"https:\/\/api.w.org\/{rel}","templated":true}]}}