{"id":430,"date":"2014-12-27T07:46:51","date_gmt":"2014-12-27T07:46:51","guid":{"rendered":"http:\/\/demo.wpcharming.com\/chicago\/?page_id=430"},"modified":"2017-01-26T13:43:32","modified_gmt":"2017-01-26T13:43:32","slug":"conocenos","status":"publish","type":"page","link":"https:\/\/bodegaslavenencia.com\/en\/conocenos\/","title":{"rendered":"About us"},"content":{"rendered":"<p>[vc_row padding_top=&#8221;15&#8243;][vc_column width=&#8221;1\/2&#8243;]\n\t<div class=\"wpc-special-heading-wrap wpb_content_element\">\n\t\t<span class=\"special-heading-1\">About us<\/span>\n\t\t<span class=\"special-heading-2\">Our history...<\/span>\n\t<\/div>[vc_column_text]Jos\u00e9 Gonz\u00e1lez, known by everyone as Pepe, started this business in a small pub in San Pedro de Alc\u00e1ntara, back in 1985.<\/p>\n<p>It was a small Jerez styled bar in which sold various wines, good ham and all kinds of Iberian products.<\/p>\n<p>In 1994 Pepe moved his business to a other locality in Marbella city center, where Bodega La Venencia is currently located on 15th Miguel Cano Avenue.<\/p>\n<p>From then on, other wineries were opened. Although they all started from the same base, they retain the initial spirit of Andalusian winery with all kinds of Iberian products.[\/vc_column_text][vc_button title=&#8221;Make a booking&#8221; size=&#8221;large&#8221; href=&#8221;http:\/\/bodegaslavenencia.com\/en\/contacto\/&#8221;][\/vc_column][vc_column width=&#8221;1\/2&#8243;][vc_empty_space height=&#8221;80px&#8221;][vc_single_image image=&#8221;1678&#8243; img_size=&#8221;full&#8221;][\/vc_column][vc_column][\/vc_column][\/vc_row][vc_row bg_color=&#8221;#f8f9f9&#8243; border_color=&#8221;#eeeeee&#8221; border_width=&#8221;1px 0 1px 0&#8243; padding_top=&#8221;75&#8243; padding_bottom=&#8221;75&#8243;][vc_column width=&#8221;1\/2&#8243;][vc_single_image image=&#8221;1746&#8243; img_size=&#8221;full&#8221; style=&#8221;vc_box_outline_circle&#8221; border_color=&#8221;chino&#8221;][\/vc_column][vc_column width=&#8221;1\/2&#8243;]\n\t<div class=\"wpc-special-heading-wrap wpb_content_element\" style=\"text-align: center\">\n\t\t<span class=\"special-heading-1\">Discover<\/span>\n\t\t<span class=\"special-heading-2\">Our wine selection<\/span>\n\t<\/div>[vc_column_text]<\/p>\n<p>In our winery we give the importance that the quality products deserve and that is why you can taste wines of denomination of origin from different places in Spain:<\/p>\n<p>Ribera del Duero, Rioja, Condado de Huelva, R\u00edas Baixas, Rueda, Jerez y Manzanilla de Sanlucar, Montilla Moriles.<\/p>\n<p>At Bodegas la Venencia we try to create a perfect combination between choosing you dishes and the best wines, achieving the ideal balance.[\/vc_column_text][\/vc_column][\/vc_row][vc_row padding_top=&#8221;75&#8243; padding_bottom=&#8221;0&#8243;][vc_column width=&#8221;1\/2&#8243;]\n\t<div class=\"wpc-special-heading-wrap wpb_content_element\">\n\t\t<span class=\"special-heading-1\">Our Men\u00fa.<\/span>\n\t\t<span class=\"special-heading-2\">Traditional Spanish food<\/span>\n\t<\/div>[vc_column_text]Our specialty is Iberian sausages and hams.<\/p>\n<p>We select the best ham for you to enjoy as a starter, as a main course, combined with other Iberian products, in a special dish with fried eggs and sausage, with a rich baby green beans, a small sandwich or a toast with quail egg.<\/p>\n<p>Our cuisine is based on traditional Spanish cuisine. In our varied menu you can taste the best meats, fishes, a great variety of tapas and small sandwiches, all that accompanied by excellent wines.<\/p>\n<p>At Bodegas La Venencia we select the best products, so you can enjoy the best gastronomic experience.<\/p>\n<p>[\/vc_column_text][\/vc_column][vc_column width=&#8221;1\/2&#8243;][vc_single_image image=&#8221;1408&#8243; img_size=&#8221;full&#8221;][\/vc_column][\/vc_row]<\/p>","protected":false},"excerpt":{"rendered":"<p>[vc_row padding_top=&#8221;15&#8243;][vc_column width=&#8221;1\/2&#8243;][vc_column_text]Jos\u00e9 Gonz\u00e1lez, known by everyone as Pepe, started this business in a small pub in San Pedro de Alc\u00e1ntara, back in 1985. It was a small Jerez styled bar in which sold various wines, good ham and all kinds of Iberian products. In 1994 Pepe moved his business to a other locality in [&hellip;]<\/p>\n","protected":false},"author":1,"featured_media":0,"parent":0,"menu_order":0,"comment_status":"closed","ping_status":"closed","template":"","meta":[],"_links":{"self":[{"href":"https:\/\/bodegaslavenencia.com\/en\/wp-json\/wp\/v2\/pages\/430"}],"collection":[{"href":"https:\/\/bodegaslavenencia.com\/en\/wp-json\/wp\/v2\/pages"}],"about":[{"href":"https:\/\/bodegaslavenencia.com\/en\/wp-json\/wp\/v2\/types\/page"}],"author":[{"embeddable":true,"href":"https:\/\/bodegaslavenencia.com\/en\/wp-json\/wp\/v2\/users\/1"}],"replies":[{"embeddable":true,"href":"https:\/\/bodegaslavenencia.com\/en\/wp-json\/wp\/v2\/comments?post=430"}],"version-history":[{"count":26,"href":"https:\/\/bodegaslavenencia.com\/en\/wp-json\/wp\/v2\/pages\/430\/revisions"}],"predecessor-version":[{"id":1884,"href":"https:\/\/bodegaslavenencia.com\/en\/wp-json\/wp\/v2\/pages\/430\/revisions\/1884"}],"wp:attachment":[{"href":"https:\/\/bodegaslavenencia.com\/en\/wp-json\/wp\/v2\/media?parent=430"}],"curies":[{"name":"wp","href":"https:\/\/api.w.org\/{rel}","templated":true}]}}