{"id":1067,"date":"2015-01-07T21:42:33","date_gmt":"2015-01-07T21:42:33","guid":{"rendered":"http:\/\/demo.wpcharming.com\/chicago\/?page_id=1067"},"modified":"2020-08-11T11:51:55","modified_gmt":"2020-08-11T11:51:55","slug":"carta","status":"publish","type":"page","link":"https:\/\/bodegaslavenencia.com\/es\/carta\/","title":{"rendered":"Carta"},"content":{"rendered":"<p>[vc_row padding_top=\u00bb20&#8243; padding_bottom=\u00bb20&#8243;][vc_column]\n\t<div class=\"wpc-special-heading-wrap wpb_content_element\" style=\"text-align: center\">\n\t\t<span class=\"special-heading-1\">Platos y tapas<\/span>\n\t\t<span class=\"special-heading-2\">sabrosos, exquisitos, en su punto.<\/span>\n\t<\/div>[\/vc_column][\/vc_row][vc_row padding_bottom=\u00bb20&#8243;][vc_column][vc_column_text]<strong>Nuestra especialidad son los embutidos y jamones ib\u00e9ricos.<\/strong><\/p>\n<p>Seleccionamos el mejor jam\u00f3n para que lo pueda disfrutar como aperitivo, como plato principal, combinado con otros productos ib\u00e9ricos, en un plato especial con huevos fritos y chorizo,\u00a0 con unas ricas habitas, en un montadito o en una tosta con huevo de codorniz.<\/p>\n<p>Nuestra cocina est\u00e1 basada en la cocina tradicional espa\u00f1ola. En nuestra variada carta puede degustar las mejores carnes, revueltos, pescados, una gran variedad de tapas y montaditos, todo eso acompa\u00f1ado de excelentes vinos.<\/p>\n<p>En Bodegas La Venencia seleccionamos los mejores productos, para que disfrute de la mejor experiencia gastron\u00f3mica.[\/vc_column_text][vc_text_separator title=\u00bbGaler\u00eda\u00bb color=\u00bbchino\u00bb style=\u00bbdouble\u00bb][\/vc_column][\/vc_row][vc_row][vc_column][vc_masonry_media_grid element_width=\u00bb3&#8243; gap=\u00bb10&#8243; grid_id=\u00bbvc_gid:1481706647014-73390e4a-19cd-10&#8243; include=\u00bb1551,1552,1553,1554,1555,1556,1558,1560,1561,1562,1563,1567,1572,1575,1579,1580,1581,1583,1585,1586,1587,1588,1589,1590,1595,1596,1597,1599,1601,1605,1606,1607,1608,1609&#8243;][\/vc_column][\/vc_row]<\/p>","protected":false},"excerpt":{"rendered":"<p>[vc_row padding_top=\u00bb20&#8243; padding_bottom=\u00bb20&#8243;][vc_column][\/vc_column][\/vc_row][vc_row padding_bottom=\u00bb20&#8243;][vc_column][vc_column_text]Nuestra especialidad son los embutidos y jamones ib\u00e9ricos. Seleccionamos el mejor jam\u00f3n para que lo pueda disfrutar como aperitivo, como plato principal, combinado con otros productos ib\u00e9ricos, en un plato especial con huevos fritos y chorizo,\u00a0 con unas ricas habitas, en un montadito o en una tosta con huevo de codorniz. Nuestra [&hellip;]<\/p>\n","protected":false},"author":1,"featured_media":0,"parent":0,"menu_order":0,"comment_status":"closed","ping_status":"closed","template":"","meta":[],"_links":{"self":[{"href":"https:\/\/bodegaslavenencia.com\/es\/wp-json\/wp\/v2\/pages\/1067"}],"collection":[{"href":"https:\/\/bodegaslavenencia.com\/es\/wp-json\/wp\/v2\/pages"}],"about":[{"href":"https:\/\/bodegaslavenencia.com\/es\/wp-json\/wp\/v2\/types\/page"}],"author":[{"embeddable":true,"href":"https:\/\/bodegaslavenencia.com\/es\/wp-json\/wp\/v2\/users\/1"}],"replies":[{"embeddable":true,"href":"https:\/\/bodegaslavenencia.com\/es\/wp-json\/wp\/v2\/comments?post=1067"}],"version-history":[{"count":22,"href":"https:\/\/bodegaslavenencia.com\/es\/wp-json\/wp\/v2\/pages\/1067\/revisions"}],"predecessor-version":[{"id":1947,"href":"https:\/\/bodegaslavenencia.com\/es\/wp-json\/wp\/v2\/pages\/1067\/revisions\/1947"}],"wp:attachment":[{"href":"https:\/\/bodegaslavenencia.com\/es\/wp-json\/wp\/v2\/media?parent=1067"}],"curies":[{"name":"wp","href":"https:\/\/api.w.org\/{rel}","templated":true}]}}