{"id":1612,"date":"2016-11-28T13:18:42","date_gmt":"2016-11-28T13:18:42","guid":{"rendered":"http:\/\/bodegaslavenencia.com\/pruebas\/?page_id=1612"},"modified":"2020-08-11T11:55:10","modified_gmt":"2020-08-11T11:55:10","slug":"platos","status":"publish","type":"page","link":"https:\/\/bodegaslavenencia.com\/es\/platos\/","title":{"rendered":"PLATOS"},"content":{"rendered":"<p>[vc_row][vc_column][vc_column_text]Nuestra carta tiene una gran variedad de platos, tapas y montaditos, todos cocinados con ingredientes frescos y de calidad.<\/p>\n<p>Comience eligiendo las ensaladas frescas, contin\u00fae con las especialidades de ib\u00e9ricos, jam\u00f3n, salchich\u00f3n, morc\u00f3n, lomo.<\/p>\n<p>Pruebe entre nuestra variedad de pescados, o revueltos de verduras. Y det\u00e9ngase en nuestra carta de carnes, solomillo ib\u00e9rico, entrecot, cochinillo\u2026<\/p>\n<p>Y no se vaya sin probar los deliciosos postres caseros, los recordar\u00e1 siempre.<\/p>\n<p>.[\/vc_column_text][\/vc_column][\/vc_row][vc_row][vc_column][vc_media_grid grid_id=\u00bbvc_gid:1481880995039-55d28ecc-1d35-5&#8243; include=\u00bb1599,1597,1596,1589,1590,1579,1563,1562,1558,1555,1554,1553,1552&#8243;][\/vc_column][\/vc_row]<\/p>","protected":false},"excerpt":{"rendered":"<p>[vc_row][vc_column][vc_column_text]Nuestra carta tiene una gran variedad de platos, tapas y montaditos, todos cocinados con ingredientes frescos y de calidad. Comience eligiendo las ensaladas frescas, contin\u00fae con las especialidades de ib\u00e9ricos, jam\u00f3n, salchich\u00f3n, morc\u00f3n, lomo. Pruebe entre nuestra variedad de pescados, o revueltos de verduras. Y det\u00e9ngase en nuestra carta de carnes, solomillo ib\u00e9rico, entrecot, cochinillo\u2026 [&hellip;]<\/p>\n","protected":false},"author":1,"featured_media":0,"parent":0,"menu_order":0,"comment_status":"closed","ping_status":"closed","template":"","meta":[],"_links":{"self":[{"href":"https:\/\/bodegaslavenencia.com\/es\/wp-json\/wp\/v2\/pages\/1612"}],"collection":[{"href":"https:\/\/bodegaslavenencia.com\/es\/wp-json\/wp\/v2\/pages"}],"about":[{"href":"https:\/\/bodegaslavenencia.com\/es\/wp-json\/wp\/v2\/types\/page"}],"author":[{"embeddable":true,"href":"https:\/\/bodegaslavenencia.com\/es\/wp-json\/wp\/v2\/users\/1"}],"replies":[{"embeddable":true,"href":"https:\/\/bodegaslavenencia.com\/es\/wp-json\/wp\/v2\/comments?post=1612"}],"version-history":[{"count":18,"href":"https:\/\/bodegaslavenencia.com\/es\/wp-json\/wp\/v2\/pages\/1612\/revisions"}],"predecessor-version":[{"id":1830,"href":"https:\/\/bodegaslavenencia.com\/es\/wp-json\/wp\/v2\/pages\/1612\/revisions\/1830"}],"wp:attachment":[{"href":"https:\/\/bodegaslavenencia.com\/es\/wp-json\/wp\/v2\/media?parent=1612"}],"curies":[{"name":"wp","href":"https:\/\/api.w.org\/{rel}","templated":true}]}}