{"id":1616,"date":"2016-11-28T13:19:43","date_gmt":"2016-11-28T13:19:43","guid":{"rendered":"http:\/\/bodegaslavenencia.com\/pruebas\/?page_id=1616"},"modified":"2017-01-26T12:01:11","modified_gmt":"2017-01-26T12:01:11","slug":"smallsandwiches","status":"publish","type":"page","link":"https:\/\/bodegaslavenencia.com\/es\/smallsandwiches\/","title":{"rendered":"MONTADITOS"},"content":{"rendered":"<p>[vc_row][vc_column][vc_column_text]Nuestros montaditos son bocaditos sabrosos para todos los gustos.\u00a0 Delicias fr\u00edas o calientes dentro de un crujiente panecillo.<\/p>\n<p>Pruebe entre una selecci\u00f3n de apetitosos montaditos:<\/p>\n<p>Lomo con pimientos, Lomo al horno, Jam\u00f3n serrano, Jam\u00f3n de bellota, Chorizo serrano, Morcilla de cebolla, At\u00f9n con pimientos, Melva, Salm\u00f3n, Anchoas ahumadas, Presa Ib\u00e9rica, Tortilla de patatas, Tortilla especial.[\/vc_column_text][vc_media_grid element_width=\u00bb3&#8243; gap=\u00bb10&#8243; grid_id=\u00bbvc_gid:1481725150473-44dc1883-544b-3&#8243; include=\u00bb1588,1587,1586,1585,1583,1581,1580,1763&#8243;][\/vc_column][\/vc_row]<\/p>","protected":false},"excerpt":{"rendered":"<p>[vc_row][vc_column][vc_column_text]Nuestros montaditos son bocaditos sabrosos para todos los gustos.\u00a0 Delicias fr\u00edas o calientes dentro de un crujiente panecillo. Pruebe entre una selecci\u00f3n de apetitosos montaditos: Lomo con pimientos, Lomo al horno, Jam\u00f3n serrano, Jam\u00f3n de bellota, Chorizo serrano, Morcilla de cebolla, At\u00f9n con pimientos, Melva, Salm\u00f3n, Anchoas ahumadas, Presa Ib\u00e9rica, Tortilla de patatas, Tortilla especial.[\/vc_column_text][vc_media_grid [&hellip;]<\/p>\n","protected":false},"author":1,"featured_media":0,"parent":0,"menu_order":0,"comment_status":"closed","ping_status":"closed","template":"","meta":[],"_links":{"self":[{"href":"https:\/\/bodegaslavenencia.com\/es\/wp-json\/wp\/v2\/pages\/1616"}],"collection":[{"href":"https:\/\/bodegaslavenencia.com\/es\/wp-json\/wp\/v2\/pages"}],"about":[{"href":"https:\/\/bodegaslavenencia.com\/es\/wp-json\/wp\/v2\/types\/page"}],"author":[{"embeddable":true,"href":"https:\/\/bodegaslavenencia.com\/es\/wp-json\/wp\/v2\/users\/1"}],"replies":[{"embeddable":true,"href":"https:\/\/bodegaslavenencia.com\/es\/wp-json\/wp\/v2\/comments?post=1616"}],"version-history":[{"count":9,"href":"https:\/\/bodegaslavenencia.com\/es\/wp-json\/wp\/v2\/pages\/1616\/revisions"}],"predecessor-version":[{"id":1815,"href":"https:\/\/bodegaslavenencia.com\/es\/wp-json\/wp\/v2\/pages\/1616\/revisions\/1815"}],"wp:attachment":[{"href":"https:\/\/bodegaslavenencia.com\/es\/wp-json\/wp\/v2\/media?parent=1616"}],"curies":[{"name":"wp","href":"https:\/\/api.w.org\/{rel}","templated":true}]}}