{"id":178,"date":"2014-12-25T06:27:01","date_gmt":"2014-12-25T06:27:01","guid":{"rendered":"http:\/\/demo.wpcharming.com\/chicago\/?page_id=178"},"modified":"2025-07-10T17:33:02","modified_gmt":"2025-07-10T17:33:02","slug":"inicio","status":"publish","type":"page","link":"https:\/\/bodegaslavenencia.com\/es\/","title":{"rendered":"Inicio"},"content":{"rendered":"<p>[vc_row margin_top=\u00bb-60&#8243; padding_top=\u00bb0&#8243; padding_bottom=\u00bb0&#8243;][vc_column offset=\u00bbvc_hidden-lg vc_hidden-md vc_hidden-sm vc_hidden-xs\u00bb][vc_column_text]<\/p>\n<p>I am text block. Click edit button to change this text. Lorem ipsum dolor sit amet, consectetur adipiscing elit. Ut elit tellus, luctus nec ullamcorper mattis, pulvinar dapibus leo.<\/p>\n<p>[\/vc_column_text][\/vc_column][\/vc_row][vc_row row_id=\u00bbwelcome\u00bb][vc_column width=\u00bb1\/3&#8243;][vc_single_image image=\u00bb1724&#8243; img_size=\u00bb500&#215;300&#8243; css=\u00bb.vc_custom_1481541637169{margin-bottom: 15px !important;}\u00bb][vc_column_text]<\/p>\n<h2>NUESTRO MEN\u00da<\/h2>\n<p>Nuestra especialidad son los embutidos y jamones ib\u00e9ricos.<\/p>\n<p>Seleccionamos el mejor jam\u00f3n para que lo disfrutes como entrante, como plato principal, combinado con otros productos ib\u00e9ricos&#8230;[\/vc_column_text][vc_button title=\u00bbVer carta\u00bb link=\u00bbpage\u00bb link_page=\u00bb1067&#8243; margin_top=\u00bb-30&#8243;][\/vc_column][vc_column width=\u00bb1\/3&#8243;][vc_single_image image=\u00bb1336&#8243; img_size=\u00bb500&#215;300&#8243; css=\u00bb.vc_custom_1479721429795{margin-bottom: 15px !important;}\u00bb][vc_column_text]<\/p>\n<h2>SOBRE NOSOTROS<\/h2>\n<p>Jos\u00e9 Gonz\u00e1lez, conocido por todos como Pepe, comenz\u00f3 este negocio en un peque\u00f1o pub de San Pedro de Alc\u00e1ntara, all\u00e1 por 1985.<\/p>\n<p>Era un peque\u00f1o bar de estilo jerezano&#8230;[\/vc_column_text][vc_button title=\u00bbsaber m\u00e1s\u00bb link=\u00bbpage\u00bb link_page=\u00bb430&#8243; margin_top=\u00bb-30&#8243;][\/vc_column][vc_column width=\u00bb1\/3&#8243;][vc_single_image image=\u00bb1782&#8243; img_size=\u00bb500&#215;300&#8243; css=\u00bb.vc_custom_1481635888593{margin-bottom: 15px !important;}\u00bb][vc_column_text]<\/p>\n<h2>RESTAURANTES<\/h2>\n<p>Tenemos dos restaurantes en Marbella y nuestro men\u00fa es muy variado para que pueda elegir lo que quiera.[\/vc_column_text][vc_button title=\u00bbReserva\u00bb color=\u00bbprimary\u00bb margin_top=\u00bb-30&#8243; href=\u00bbhttp:\/\/bodegaslavenencia.com\/pruebas\/es\/contacto\/\u00bb][\/vc_column][\/vc_row][vc_row bg_color=\u00bb#000000&#8243; bg_image=\u00bb1447&#8243; padding_top=\u00bb150&#8243; padding_bottom=\u00bb150&#8243;][vc_column]\n\t<div class=\"wpc-special-heading-wrap wpb_content_element\">\n\t\t<span class=\"special-heading-1\" style=\"color: #dd9933;\">Nos gusta lo ib\u00e9rico<\/span>\n\t\t<span class=\"special-heading-2\" style=\"margin-top: 20px;margin-bottom: 20px;color: #ffffff;\"><br \/>\n<\/span>\n\t<\/div>[\/vc_column][\/vc_row][vc_row row_id=\u00bbevents\u00bb padding_bottom=\u00bb70&#8243;][vc_column][vc_custom_heading text=\u00bb\u00daLTIMOS POTS\u00bb][vc_basic_grid post_type=\u00bbpost\u00bb max_items=\u00bb3&#8243; gap=\u00bb35&#8243; grid_id=\u00bbvc_gid:1744647883253-67827a325403088120eae7101352f66f-8&#8243;][\/vc_column][\/vc_row][vc_row bg_image=\u00bb1377&#8243; bg_position=\u00bbcenter center\u00bb padding_top=\u00bb150&#8243; padding_bottom=\u00bb150&#8243;][vc_column]\n\t<div class=\"wpc-special-heading-wrap wpb_content_element\" style=\"text-align: center\">\n\t\t<span class=\"special-heading-1\" style=\"color: #ffffff;\">Reserva tu mesa<\/span>\n\t\t<span class=\"special-heading-2\" style=\"margin-top: 20px;margin-bottom: 20px;color: #ffffff;\"><\/span>\n\t<\/div>[vc_btn title=\u00bbElige restaurante\u00bb style=\u00bboutline\u00bb color=\u00bborange\u00bb align=\u00bbcenter\u00bb link=\u00bburl:http%3A%2F%2Fbodegaslavenencia.com%2Fpruebas%2Fcontacto%2F||\u00bb][\/vc_column][\/vc_row]<\/p>","protected":false},"excerpt":{"rendered":"<p>[vc_row margin_top=\u00bb-60&#8243; padding_top=\u00bb0&#8243; padding_bottom=\u00bb0&#8243;][vc_column offset=\u00bbvc_hidden-lg vc_hidden-md vc_hidden-sm vc_hidden-xs\u00bb][vc_column_text] I am text block. Click edit button to change this text. Lorem ipsum dolor sit amet, consectetur adipiscing elit. Ut elit tellus, luctus nec ullamcorper mattis, pulvinar dapibus leo. [\/vc_column_text][\/vc_column][\/vc_row][vc_row row_id=\u00bbwelcome\u00bb][vc_column width=\u00bb1\/3&#8243;][vc_single_image image=\u00bb1724&#8243; img_size=\u00bb500&#215;300&#8243; css=\u00bb.vc_custom_1481541637169{margin-bottom: 15px !important;}\u00bb][vc_column_text] NUESTRO MEN\u00da Nuestra especialidad son los embutidos y jamones ib\u00e9ricos. [&hellip;]<\/p>\n","protected":false},"author":1,"featured_media":0,"parent":0,"menu_order":0,"comment_status":"closed","ping_status":"closed","template":"","meta":[],"_links":{"self":[{"href":"https:\/\/bodegaslavenencia.com\/es\/wp-json\/wp\/v2\/pages\/178"}],"collection":[{"href":"https:\/\/bodegaslavenencia.com\/es\/wp-json\/wp\/v2\/pages"}],"about":[{"href":"https:\/\/bodegaslavenencia.com\/es\/wp-json\/wp\/v2\/types\/page"}],"author":[{"embeddable":true,"href":"https:\/\/bodegaslavenencia.com\/es\/wp-json\/wp\/v2\/users\/1"}],"replies":[{"embeddable":true,"href":"https:\/\/bodegaslavenencia.com\/es\/wp-json\/wp\/v2\/comments?post=178"}],"version-history":[{"count":89,"href":"https:\/\/bodegaslavenencia.com\/es\/wp-json\/wp\/v2\/pages\/178\/revisions"}],"predecessor-version":[{"id":2156,"href":"https:\/\/bodegaslavenencia.com\/es\/wp-json\/wp\/v2\/pages\/178\/revisions\/2156"}],"wp:attachment":[{"href":"https:\/\/bodegaslavenencia.com\/es\/wp-json\/wp\/v2\/media?parent=178"}],"curies":[{"name":"wp","href":"https:\/\/api.w.org\/{rel}","templated":true}]}}