{"id":430,"date":"2014-12-27T07:46:51","date_gmt":"2014-12-27T07:46:51","guid":{"rendered":"http:\/\/demo.wpcharming.com\/chicago\/?page_id=430"},"modified":"2017-01-26T13:43:32","modified_gmt":"2017-01-26T13:43:32","slug":"conocenos","status":"publish","type":"page","link":"https:\/\/bodegaslavenencia.com\/es\/conocenos\/","title":{"rendered":"Con\u00f3cenos"},"content":{"rendered":"<p>[vc_row padding_top=\u00bb15&#8243;][vc_column width=\u00bb1\/2&#8243;]\n\t<div class=\"wpc-special-heading-wrap wpb_content_element\">\n\t\t<span class=\"special-heading-1\">Con\u00f3cenos<\/span>\n\t\t<span class=\"special-heading-2\">Nuestros inicios<\/span>\n\t<\/div>[vc_column_text]<strong>Jos\u00e9 Gonz\u00e1lez,<\/strong> conocido por todos como <strong>Pepe<\/strong>, comenz\u00f3 este negocio en una peque\u00f1a bodeguita en San Pedro de Alc\u00e1ntara, all\u00e1 por el a\u00f1o 1985.<\/p>\n<p>Se trataba de una bodeguita de estilo jerezano en la cual se vend\u00edan vinos variados, buen jam\u00f3n y todo tipo de productos ib\u00e9ricos.<\/p>\n<p>En el a\u00f1o 1994 Pepe traslada su negocio a una bodeguita en Marbella, donde actualmente est\u00e1 ubicada Bodega La Venencia en la Avda. Miguel Cano, n\u00famero 15.<\/p>\n<p>A partir de entonces, se fueron abriendo otras bodegas. Si bien, todas parten de la misma base, conservan el esp\u00edritu inicial de bodeguita andaluza con toda clase de productos ib\u00e9ricos.[\/vc_column_text][vc_button title=\u00bbReserva una mesa\u00bb size=\u00bblarge\u00bb href=\u00bbhttp:\/\/bodegaslavenencia.com\/es\/contacto\/\u00bb][\/vc_column][vc_column width=\u00bb1\/2&#8243;][vc_empty_space height=\u00bb80&#8243;][vc_single_image image=\u00bb1336&#8243; img_size=\u00bbfull\u00bb][\/vc_column][\/vc_row][vc_row bg_color=\u00bb#f8f9f9&#8243; border_color=\u00bb#eeeeee\u00bb border_width=\u00bb1px 0 1px 0&#8243; padding_top=\u00bb75&#8243; padding_bottom=\u00bb75&#8243;][vc_column width=\u00bb1\/2&#8243;][vc_single_image image=\u00bb1746&#8243; img_size=\u00bbfull\u00bb style=\u00bbvc_box_outline_circle\u00bb border_color=\u00bbchino\u00bb][\/vc_column][vc_column width=\u00bb1\/2&#8243;]\n\t<div class=\"wpc-special-heading-wrap wpb_content_element\" style=\"text-align: center\">\n\t\t<span class=\"special-heading-1\">Descubre...<\/span>\n\t\t<span class=\"special-heading-2\">Nuestra magn\u00edfica bodega<\/span>\n\t<\/div>[vc_column_text]En nuestra bodega le damos la importancia que merece los productos de calidad y por eso puede degustar vinos de denominaci\u00f3n de origen de distintos lugares de Espa\u00f1a:<\/p>\n<p>Ribera del Duero, Rioja, Condado de Huelva, R\u00edas Baixas, Rueda, Jerez y Manzanilla de Sanlucar, Montilla Moriles.<\/p>\n<p>En Bodegas la Venencia intentamos crear una perfecta combinaci\u00f3n entre la elecci\u00f3n de sus platos y los mejores vinos, logrando el equilibrio ideal.[\/vc_column_text][\/vc_column][\/vc_row][vc_row padding_top=\u00bb75&#8243; padding_bottom=\u00bb0&#8243;][vc_column width=\u00bb1\/2&#8243;]\n\t<div class=\"wpc-special-heading-wrap wpb_content_element\">\n\t\t<span class=\"special-heading-1\">Nuestra carta<\/span>\n\t\t<span class=\"special-heading-2\">La cocina de la buena mesa.<\/span>\n\t<\/div>[vc_column_text]Nuestra especialidad son los embutidos y jamones ib\u00e9ricos.<\/p>\n<p>Seleccionamos el mejor jam\u00f3n para que lo pueda disfrutar como aperitivo, como plato principal, combinado con otros productos ib\u00e9ricos, en un plato especial con huevos fritos y chorizo,\u00a0 con unas ricas habitas, en un montadito o en una tosta con huevo de codorniz.<\/p>\n<p>Nuestra cocina est\u00e1 basada en la cocina tradicional espa\u00f1ola. En nuestra variada carta puede degustar las mejores carnes, revueltos, pescados, una gran variedad de tapas y montaditos, todo eso acompa\u00f1ado de excelentes vinos.<\/p>\n<p>En Bodegas La Venencia seleccionamos los mejores productos, para que disfrute de la mejor experiencia gastron\u00f3mica.[\/vc_column_text][\/vc_column][vc_column width=\u00bb1\/2&#8243;][vc_empty_space height=\u00bb80&#8243;][vc_single_image image=\u00bb1883&#8243; img_size=\u00bb500&#215;500&#8243;][\/vc_column][\/vc_row]<\/p>","protected":false},"excerpt":{"rendered":"<p>[vc_row padding_top=\u00bb15&#8243;][vc_column width=\u00bb1\/2&#8243;][vc_column_text]Jos\u00e9 Gonz\u00e1lez, conocido por todos como Pepe, comenz\u00f3 este negocio en una peque\u00f1a bodeguita en San Pedro de Alc\u00e1ntara, all\u00e1 por el a\u00f1o 1985. Se trataba de una bodeguita de estilo jerezano en la cual se vend\u00edan vinos variados, buen jam\u00f3n y todo tipo de productos ib\u00e9ricos. En el a\u00f1o 1994 Pepe traslada [&hellip;]<\/p>\n","protected":false},"author":1,"featured_media":0,"parent":0,"menu_order":0,"comment_status":"closed","ping_status":"closed","template":"","meta":[],"_links":{"self":[{"href":"https:\/\/bodegaslavenencia.com\/es\/wp-json\/wp\/v2\/pages\/430"}],"collection":[{"href":"https:\/\/bodegaslavenencia.com\/es\/wp-json\/wp\/v2\/pages"}],"about":[{"href":"https:\/\/bodegaslavenencia.com\/es\/wp-json\/wp\/v2\/types\/page"}],"author":[{"embeddable":true,"href":"https:\/\/bodegaslavenencia.com\/es\/wp-json\/wp\/v2\/users\/1"}],"replies":[{"embeddable":true,"href":"https:\/\/bodegaslavenencia.com\/es\/wp-json\/wp\/v2\/comments?post=430"}],"version-history":[{"count":26,"href":"https:\/\/bodegaslavenencia.com\/es\/wp-json\/wp\/v2\/pages\/430\/revisions"}],"predecessor-version":[{"id":1884,"href":"https:\/\/bodegaslavenencia.com\/es\/wp-json\/wp\/v2\/pages\/430\/revisions\/1884"}],"wp:attachment":[{"href":"https:\/\/bodegaslavenencia.com\/es\/wp-json\/wp\/v2\/media?parent=430"}],"curies":[{"name":"wp","href":"https:\/\/api.w.org\/{rel}","templated":true}]}}