{"id":436,"date":"2014-12-27T07:49:11","date_gmt":"2014-12-27T07:49:11","guid":{"rendered":"http:\/\/demo.wpcharming.com\/chicago\/?page_id=436"},"modified":"2016-12-16T16:38:48","modified_gmt":"2016-12-16T16:38:48","slug":"avenida-miguel-cano-15","status":"publish","type":"page","link":"https:\/\/bodegaslavenencia.com\/es\/avenida-miguel-cano-15\/","title":{"rendered":"Av. Miguel Cano, 15"},"content":{"rendered":"<p>[vc_row][vc_column][vc_empty_space height=\u00bb60&#8243;][vc_custom_heading text=\u00bbAv. Miguel Cano, 15 (Marbella)\u00bb][vc_column_text]Nuestra primera bodega en Marbella est\u00e1 situada en el centro de la ciudad, en la reci\u00e9n renovada avenida Miguel Cano en el n\u00famero 15.<\/p>\n<p>Un enclave privilegiado junto al paseo mar\u00edtimo y el puerto deportivo.<\/p>\n<p>Con una magnifica terraza donde disfrutar del estupendo clima de Marbella en cualquier temporada del a\u00f1o y un interior acogedor, con una decoraci\u00f3n t\u00edpica andaluza.<\/p>\n<p>En Bodegas La Venencia podr\u00e1 disfrutar junto a su familia y amigos de momentos \u00fanicos e irrepetibles.[\/vc_column_text][vc_media_grid element_width=\u00bb3&#8243; gap=\u00bb20&#8243; grid_id=\u00bbvc_gid:1481883270224-11722256-7664-0&#8243; include=\u00bb1499,1500,1501,1503,1504,1505,1506,1507&#8243;][\/vc_column][vc_column][\/vc_column][\/vc_row][vc_row padding_top=\u00bb0&#8243; padding_bottom=\u00bb30&#8243;][vc_column width=\u00bb1\/2&#8243;][vc_gmaps link=\u00bb#E-8_JTNDaWZyYW1lJTIwc3JjJTNEJTIyaHR0cHMlM0ElMkYlMkZ3d3cuZ29vZ2xlLmNvbSUyRm1hcHMlMkZlbWJlZCUzRnBiJTNEJTIxMW0xOCUyMTFtMTIlMjExbTMlMjExZDMyMDYuOTQxMDk1NTA0MzAyNyUyMTJkLTQuODg5NDU3Njg1MDM4OTI3JTIxM2QzNi41MDcyODM5ODAwMDk5MyUyMTJtMyUyMTFmMCUyMTJmMCUyMTNmMCUyMTNtMiUyMTFpMTAyNCUyMTJpNzY4JTIxNGYxMy4xJTIxM20zJTIxMW0yJTIxMXMweGQ3MzI3ZjhkZGI2MjU4MyUyNTNBMHg4OWNiNWMxNGI0NTZkYTBhJTIxMnNCb2RlZ2FzJTJCTGElMkJWZW5lbmNpYSUyMTVlMCUyMTNtMiUyMTFzZXMlMjEyc2VzJTIxNHYxNDc5NzM2NzM0NjU1JTIyJTIwd2lkdGglM0QlMjI2MDAlMjIlMjBoZWlnaHQlM0QlMjI0NTAlMjIlMjBmcmFtZWJvcmRlciUzRCUyMjAlMjIlMjBzdHlsZSUzRCUyMmJvcmRlciUzQTAlMjIlMjBhbGxvd2Z1bGxzY3JlZW4lM0UlM0MlMkZpZnJhbWUlM0U=\u00bb size=\u00bb250&#8243; title=\u00bbLocalizaci\u00f3n\u00bb][vc_column_text]<a href=\"https:\/\/www.google.com\/maps\/place\/Bodegas+La+Venencia,+Av.+Miguel+Cano,+15,+29602+Marbella,+M%C3%A1laga,+Espa%C3%B1a\/@36.507284,-4.887269,15z\/data=!4m2!3m1!1s0xd7327f8ddb62583:0x89cb5c14b456da0a?hl=es-ES\" target=\"_blank\">VER MAPA EN GOOGLE MAPS<\/a>[\/vc_column_text][\/vc_column][vc_column width=\u00bb1\/2&#8243;][vc_column_text]<\/p>\n<h3>HORARIO<\/h3>\n<p>De<strong> lunes a domingo<\/strong> de 12:00 a 24:00hrs[\/vc_column_text][vc_column_text]<\/p>\n<h3 style=\"text-align: left;\">DIRECCI\u00d3N<\/h3>\n<p style=\"text-align: left;\">Avda. Miguel Cano, 15<br \/>\n29602 MARBELLA<\/p>\n<p style=\"text-align: left;\"><strong>Tfno<\/strong>:(+34) 952 857 913<\/p>\n<p>[\/vc_column_text][\/vc_column][\/vc_row]<\/p>","protected":false},"excerpt":{"rendered":"<p>[vc_row][vc_column][vc_empty_space height=\u00bb60&#8243;][vc_custom_heading text=\u00bbAv. Miguel Cano, 15 (Marbella)\u00bb][vc_column_text]Nuestra primera bodega en Marbella est\u00e1 situada en el centro de la ciudad, en la reci\u00e9n renovada avenida Miguel Cano en el n\u00famero 15. Un enclave privilegiado junto al paseo mar\u00edtimo y el puerto deportivo. Con una magnifica terraza donde disfrutar del estupendo clima de Marbella en cualquier temporada [&hellip;]<\/p>\n","protected":false},"author":1,"featured_media":0,"parent":0,"menu_order":0,"comment_status":"closed","ping_status":"closed","template":"","meta":[],"_links":{"self":[{"href":"https:\/\/bodegaslavenencia.com\/es\/wp-json\/wp\/v2\/pages\/436"}],"collection":[{"href":"https:\/\/bodegaslavenencia.com\/es\/wp-json\/wp\/v2\/pages"}],"about":[{"href":"https:\/\/bodegaslavenencia.com\/es\/wp-json\/wp\/v2\/types\/page"}],"author":[{"embeddable":true,"href":"https:\/\/bodegaslavenencia.com\/es\/wp-json\/wp\/v2\/users\/1"}],"replies":[{"embeddable":true,"href":"https:\/\/bodegaslavenencia.com\/es\/wp-json\/wp\/v2\/comments?post=436"}],"version-history":[{"count":43,"href":"https:\/\/bodegaslavenencia.com\/es\/wp-json\/wp\/v2\/pages\/436\/revisions"}],"predecessor-version":[{"id":1853,"href":"https:\/\/bodegaslavenencia.com\/es\/wp-json\/wp\/v2\/pages\/436\/revisions\/1853"}],"wp:attachment":[{"href":"https:\/\/bodegaslavenencia.com\/es\/wp-json\/wp\/v2\/media?parent=436"}],"curies":[{"name":"wp","href":"https:\/\/api.w.org\/{rel}","templated":true}]}}